{"id":2,"date":"2023-06-07T11:55:56","date_gmt":"2023-06-07T16:55:56","guid":{"rendered":"http:\/\/aquasportwear.com\/?page_id=2"},"modified":"2024-06-05T17:25:39","modified_gmt":"2024-06-05T22:25:39","slug":"pagina-ejemplo","status":"publish","type":"page","link":"https:\/\/aquasportwear.com\/index.php\/pagina-ejemplo\/","title":{"rendered":"P\u00e1gina de ejemplo"},"content":{"rendered":"\t\t<div data-elementor-type=\"wp-page\" data-elementor-id=\"2\" class=\"elementor elementor-2\" data-elementor-post-type=\"page\">\n\t\t\t\t\t\t<section class=\"elementor-section elementor-top-section elementor-element elementor-element-1e8ba21e elementor-section-boxed elementor-section-height-default elementor-section-height-default\" data-id=\"1e8ba21e\" data-element_type=\"section\">\n\t\t\t\t\t\t<div class=\"elementor-container elementor-column-gap-default\">\n\t\t\t\t\t<div class=\"elementor-column elementor-col-100 elementor-top-column elementor-element elementor-element-1f7e43b3\" data-id=\"1f7e43b3\" data-element_type=\"column\">\n\t\t\t<div class=\"elementor-widget-wrap elementor-element-populated\">\n\t\t\t\t\t\t<div class=\"elementor-element elementor-element-3e485ea2 elementor-widget elementor-widget-text-editor\" data-id=\"3e485ea2\" data-element_type=\"widget\" data-widget_type=\"text-editor.default\">\n\t\t\t\t<div class=\"elementor-widget-container\">\n\t\t\t\t\t\t\t\t\t\n<p>Esta es una p\u00e1gina de ejemplo. Es diferente de una entrada de blog porque se quedar\u00e1 en ese lugar y se mostrar\u00e1 en la navegaci\u00f3n de tu sitio (en la mayor\u00eda de los temas). La mayor\u00eda de la gente comienza con una p\u00e1gina de acerca de que los introduce a los visitantes potenciales del sitio. Podr\u00eda decir algo como esto:<\/p>\n\n\n\n<blockquote class=\"wp-block-quote is-layout-flow wp-block-quote-is-layout-flow\"><p>\u00a1Hola! Soy un Mensajero en bici durante el d\u00eda, aspirante a actor de noche, y este es mi sitio Web. Vivo en los \u00c1ngeles, tengo un gran perro llamado Jack, y me gustan las pi\u00f1as coladas. (Y estar atrapados en la lluvia.)<\/p><\/blockquote>\n\n\n\n<p>\u2026o algo as\u00ed:<\/p>\n\n\n\n<blockquote class=\"wp-block-quote is-layout-flow wp-block-quote-is-layout-flow\"><p>La Empresa Doohickey XYZ fue fundada en 1971, y ha estado proporcionando cosas de calidad al p\u00fablico desde entonces. Ubicado en la ciudad de Gotham, XYZ emplea a m\u00e1s de 2.000 personas y hace todo tipo de cosas impresionantes para la comunidad g\u00f3tica.<\/p><\/blockquote>\n\n\n\n<p>Como nuevo usuario de WordPress, debes ir a <a href=\"http:\/\/aquasportwear.com\/wp-admin\/\">tu Escritorio<\/a> para eliminar esta p\u00e1gina, y as\u00ed crear nuevas p\u00e1ginas para su contenido. \u00a1Que te diviertas!<\/p>\n\t\t\t\t\t\t\t\t<\/div>\n\t\t\t\t<\/div>\n\t\t\t\t\t<\/div>\n\t\t<\/div>\n\t\t\t\t\t<\/div>\n\t\t<\/section>\n\t\t\t\t<section class=\"elementor-section elementor-top-section elementor-element elementor-element-5190fff elementor-section-boxed elementor-section-height-default elementor-section-height-default\" data-id=\"5190fff\" data-element_type=\"section\">\n\t\t\t\t\t\t<div class=\"elementor-container elementor-column-gap-default\">\n\t\t\t\t\t<div class=\"elementor-column elementor-col-100 elementor-top-column elementor-element elementor-element-0694bae\" data-id=\"0694bae\" data-element_type=\"column\">\n\t\t\t<div class=\"elementor-widget-wrap elementor-element-populated\">\n\t\t\t\t\t\t<div class=\"elementor-element elementor-element-a0d3b3f elementor-widget elementor-widget-shortcode\" data-id=\"a0d3b3f\" data-element_type=\"widget\" data-widget_type=\"shortcode.default\">\n\t\t\t\t<div class=\"elementor-widget-container\">\n\t\t\t\t\t\t\t<div class=\"elementor-shortcode\"><div class=\"woocommerce columns-4 \"><ul class=\"products columns-4\">\n<li class=\"product type-product post-1442 status-publish first outofstock product_cat-leggins product_tag-actividad-fisica product_tag-aerobicos product_tag-aerobics product_tag-caminar product_tag-caminata product_tag-ciclista product_tag-comoda product_tag-comodo product_tag-deporte product_tag-deportes product_tag-ejecicio product_tag-fisico product_tag-fitness product_tag-gimnasia product_tag-gimnasio product_tag-gymwear product_tag-indumentaria-deportiva product_tag-leggin product_tag-legging product_tag-pantaloneta product_tag-short product_tag-sport product_tag-trotar product_tag-walk product_tag-walking has-post-thumbnail featured taxable shipping-taxable purchasable product-type-variable has-default-attributes\">\n\t<a href=\"https:\/\/aquasportwear.com\/index.php\/producto\/leggin-negro-pantorrilla-tricolor-nude\/\" class=\"woocommerce-LoopProduct-link woocommerce-loop-product__link\"><img fetchpriority=\"high\" decoding=\"async\" width=\"324\" height=\"432\" src=\"https:\/\/aquasportwear.com\/wp-content\/uploads\/2024\/03\/L_TRICOLOR_NUDE_1-324x432.jpg\" class=\"attachment-woocommerce_thumbnail size-woocommerce_thumbnail\" alt=\"Leggin Negro Pantorrilla Tricolor Nude\" \/>\t<span class=\"wcosm_soldout\">AGOTADO<\/span>\t<style> .woocommerce .product span.wcosm_soldout{background-color: #ffffff; color:; position: absolute;z-index: 999;padding: 5px 10px;border-radius:2px; right: -5px;top: -5px;width:fit-content; }<\/style>\r\n\t<h2 class=\"woocommerce-loop-product__title\">Leggin Negro Pantorrilla Tricolor Nude<\/h2>\n\t<span class=\"price\"><span class=\"woocommerce-Price-amount amount\"><bdi><span class=\"woocommerce-Price-currencySymbol\">&#36;<\/span>90.000<\/bdi><\/span><\/span>\n<\/a><a href=\"https:\/\/aquasportwear.com\/index.php\/producto\/leggin-negro-pantorrilla-tricolor-nude\/\" aria-describedby=\"woocommerce_loop_add_to_cart_link_describedby_1442\" data-quantity=\"1\" class=\"button product_type_variable\" data-product_id=\"1442\" data-product_sku=\"110\" aria-label=\"Elige las opciones para &ldquo;Leggin Negro Pantorrilla Tricolor Nude&rdquo;\" rel=\"nofollow\">Seleccionar opciones<\/a>\t<span id=\"woocommerce_loop_add_to_cart_link_describedby_1442\" class=\"screen-reader-text\">\n\t\tEste producto tiene m\u00faltiples variantes. Las opciones se pueden elegir en la p\u00e1gina de producto\t<\/span>\n<\/li>\n<li class=\"product type-product post-1410 status-publish instock product_cat-tops product_tag-actividad-fisica product_tag-aerobicos product_tag-aerobics product_tag-caminar product_tag-caminata product_tag-comoda product_tag-comodo product_tag-deporte product_tag-deportes product_tag-ejecicio product_tag-fisico product_tag-fitness product_tag-gimnasia product_tag-gimnasio product_tag-gymwear product_tag-indumentaria-deportiva product_tag-short product_tag-sport product_tag-top product_tag-trotar product_tag-walk product_tag-walking has-post-thumbnail featured taxable shipping-taxable purchasable product-type-variable has-default-attributes\">\n\t<a href=\"https:\/\/aquasportwear.com\/index.php\/producto\/top-cruzado-azul-grisaseo\/\" class=\"woocommerce-LoopProduct-link woocommerce-loop-product__link\"><img decoding=\"async\" width=\"324\" height=\"432\" src=\"https:\/\/aquasportwear.com\/wp-content\/uploads\/2024\/03\/TOP_CRUZADO_AZUL_GRISASEO-324x432.jpg\" class=\"attachment-woocommerce_thumbnail size-woocommerce_thumbnail\" alt=\"Top Cruzado Lila\" \/><h2 class=\"woocommerce-loop-product__title\">Top Cruzado Lila<\/h2>\n\t<span class=\"price\"><span class=\"woocommerce-Price-amount amount\"><bdi><span class=\"woocommerce-Price-currencySymbol\">&#36;<\/span>70.000<\/bdi><\/span><\/span>\n<\/a><a href=\"https:\/\/aquasportwear.com\/index.php\/producto\/top-cruzado-azul-grisaseo\/\" aria-describedby=\"woocommerce_loop_add_to_cart_link_describedby_1410\" data-quantity=\"1\" class=\"button product_type_variable add_to_cart_button\" data-product_id=\"1410\" data-product_sku=\"107\" aria-label=\"Elige las opciones para &ldquo;Top Cruzado Lila&rdquo;\" rel=\"nofollow\">Seleccionar opciones<\/a>\t<span id=\"woocommerce_loop_add_to_cart_link_describedby_1410\" class=\"screen-reader-text\">\n\t\tEste producto tiene m\u00faltiples variantes. Las opciones se pueden elegir en la p\u00e1gina de producto\t<\/span>\n<\/li>\n<li class=\"product type-product post-1384 status-publish outofstock product_cat-tops product_tag-actividad-fisica product_tag-aerobicos product_tag-aerobics product_tag-caminar product_tag-caminata product_tag-ciclista product_tag-comoda product_tag-comodo product_tag-deporte product_tag-deportes product_tag-ejecicio product_tag-fisico product_tag-fitness product_tag-gimnasia product_tag-gimnasio product_tag-gymwear product_tag-indumentaria-deportiva product_tag-sport product_tag-top product_tag-trotar product_tag-walk product_tag-walking has-post-thumbnail featured taxable shipping-taxable purchasable product-type-variable has-default-attributes\">\n\t<a href=\"https:\/\/aquasportwear.com\/index.php\/producto\/top-basico-colors-animal-print-leo\/\" class=\"woocommerce-LoopProduct-link woocommerce-loop-product__link\"><img decoding=\"async\" width=\"324\" height=\"432\" src=\"https:\/\/aquasportwear.com\/wp-content\/uploads\/2024\/03\/TB_COLLAGE_1-324x432.jpg\" class=\"attachment-woocommerce_thumbnail size-woocommerce_thumbnail\" alt=\"Top Basico Colors Animal Print Leo\" \/>\t<span class=\"wcosm_soldout\">AGOTADO<\/span>\t<style> .woocommerce .product span.wcosm_soldout{background-color: #ffffff; color:; position: absolute;z-index: 999;padding: 5px 10px;border-radius:2px; right: -5px;top: -5px;width:fit-content; }<\/style>\r\n\t<h2 class=\"woocommerce-loop-product__title\">Top Basico Colors Animal Print Leo<\/h2>\n\t<span class=\"price\"><span class=\"woocommerce-Price-amount amount\"><bdi><span class=\"woocommerce-Price-currencySymbol\">&#36;<\/span>70.000<\/bdi><\/span><\/span>\n<\/a><a href=\"https:\/\/aquasportwear.com\/index.php\/producto\/top-basico-colors-animal-print-leo\/\" aria-describedby=\"woocommerce_loop_add_to_cart_link_describedby_1384\" data-quantity=\"1\" class=\"button product_type_variable\" data-product_id=\"1384\" data-product_sku=\"104\" aria-label=\"Elige las opciones para &ldquo;Top Basico Colors Animal Print Leo&rdquo;\" rel=\"nofollow\">Seleccionar opciones<\/a>\t<span id=\"woocommerce_loop_add_to_cart_link_describedby_1384\" class=\"screen-reader-text\">\n\t\tEste producto tiene m\u00faltiples variantes. Las opciones se pueden elegir en la p\u00e1gina de producto\t<\/span>\n<\/li>\n<li class=\"product type-product post-1336 status-publish last outofstock product_cat-pantaloneta product_tag-actividad-fisica product_tag-aerobicos product_tag-aerobics product_tag-caminar product_tag-caminata product_tag-comoda product_tag-comodo product_tag-deporte product_tag-deportes product_tag-ejecicio product_tag-fisico product_tag-fitness product_tag-gimnasia product_tag-gimnasio product_tag-gymwear product_tag-indumentaria-deportiva product_tag-pantaloneta product_tag-sport product_tag-trotar product_tag-walk product_tag-walking has-post-thumbnail featured taxable shipping-taxable purchasable product-type-variable has-default-attributes\">\n\t<a href=\"https:\/\/aquasportwear.com\/index.php\/producto\/pantaloneta-collage\/\" class=\"woocommerce-LoopProduct-link woocommerce-loop-product__link\"><img loading=\"lazy\" decoding=\"async\" width=\"324\" height=\"432\" src=\"https:\/\/aquasportwear.com\/wp-content\/uploads\/2024\/03\/p_collage3-2-324x432.jpg\" class=\"attachment-woocommerce_thumbnail size-woocommerce_thumbnail\" alt=\"Pantaloneta Color Animal Print Leo\" srcset=\"https:\/\/aquasportwear.com\/wp-content\/uploads\/2024\/03\/p_collage3-2-324x432.jpg 324w, https:\/\/aquasportwear.com\/wp-content\/uploads\/2024\/03\/p_collage3-2-416x555.jpg 416w, https:\/\/aquasportwear.com\/wp-content\/uploads\/2024\/03\/p_collage3-2-64x85.jpg 64w, https:\/\/aquasportwear.com\/wp-content\/uploads\/2024\/03\/p_collage3-2-225x300.jpg 225w, https:\/\/aquasportwear.com\/wp-content\/uploads\/2024\/03\/p_collage3-2-768x1024.jpg 768w, https:\/\/aquasportwear.com\/wp-content\/uploads\/2024\/03\/p_collage3-2-1152x1536.jpg 1152w, https:\/\/aquasportwear.com\/wp-content\/uploads\/2024\/03\/p_collage3-2.jpg 1500w\" sizes=\"(max-width: 324px) 100vw, 324px\" \/>\t<span class=\"wcosm_soldout\">AGOTADO<\/span>\t<style> .woocommerce .product span.wcosm_soldout{background-color: #ffffff; color:; position: absolute;z-index: 999;padding: 5px 10px;border-radius:2px; right: -5px;top: -5px;width:fit-content; }<\/style>\r\n\t<h2 class=\"woocommerce-loop-product__title\">Pantaloneta Color Animal Print Leo<\/h2>\n\t<span class=\"price\"><span class=\"woocommerce-Price-amount amount\"><bdi><span class=\"woocommerce-Price-currencySymbol\">&#36;<\/span>80.000<\/bdi><\/span><\/span>\n<\/a><a href=\"https:\/\/aquasportwear.com\/index.php\/producto\/pantaloneta-collage\/\" aria-describedby=\"woocommerce_loop_add_to_cart_link_describedby_1336\" data-quantity=\"1\" class=\"button product_type_variable\" data-product_id=\"1336\" data-product_sku=\"99\" aria-label=\"Elige las opciones para &ldquo;Pantaloneta Color Animal Print Leo&rdquo;\" rel=\"nofollow\">Seleccionar opciones<\/a>\t<span id=\"woocommerce_loop_add_to_cart_link_describedby_1336\" class=\"screen-reader-text\">\n\t\tEste producto tiene m\u00faltiples variantes. Las opciones se pueden elegir en la p\u00e1gina de producto\t<\/span>\n<\/li>\n<li class=\"product type-product post-1276 status-publish first outofstock product_cat-enterizo product_tag-actividad-fisica product_tag-aerobicos product_tag-aerobics product_tag-body product_tag-caminar product_tag-caminata product_tag-comoda product_tag-comodo product_tag-deporte product_tag-deportes product_tag-ejecicio product_tag-enterizo product_tag-fisico product_tag-fitness product_tag-gimnasia product_tag-gimnasio product_tag-gymwear product_tag-indumentaria-deportiva product_tag-sport product_tag-trotar product_tag-walk product_tag-walking has-post-thumbnail featured taxable shipping-taxable purchasable product-type-variable has-default-attributes\">\n\t<a href=\"https:\/\/aquasportwear.com\/index.php\/producto\/enterizo-shark\/\" class=\"woocommerce-LoopProduct-link woocommerce-loop-product__link\"><img loading=\"lazy\" decoding=\"async\" width=\"324\" height=\"432\" src=\"https:\/\/aquasportwear.com\/wp-content\/uploads\/2024\/03\/enterizo_n2-324x432.jpg\" class=\"attachment-woocommerce_thumbnail size-woocommerce_thumbnail\" alt=\"Enterizo Shark\" \/>\t<span class=\"wcosm_soldout\">AGOTADO<\/span>\t<style> .woocommerce .product span.wcosm_soldout{background-color: #ffffff; color:; position: absolute;z-index: 999;padding: 5px 10px;border-radius:2px; right: -5px;top: -5px;width:fit-content; }<\/style>\r\n\t<h2 class=\"woocommerce-loop-product__title\">Enterizo Shark<\/h2>\n\t<span class=\"price\"><span class=\"woocommerce-Price-amount amount\"><bdi><span class=\"woocommerce-Price-currencySymbol\">&#36;<\/span>170.000<\/bdi><\/span><\/span>\n<\/a><a href=\"https:\/\/aquasportwear.com\/index.php\/producto\/enterizo-shark\/\" aria-describedby=\"woocommerce_loop_add_to_cart_link_describedby_1276\" data-quantity=\"1\" class=\"button product_type_variable\" data-product_id=\"1276\" data-product_sku=\"96\" aria-label=\"Elige las opciones para &ldquo;Enterizo Shark&rdquo;\" rel=\"nofollow\">Seleccionar opciones<\/a>\t<span id=\"woocommerce_loop_add_to_cart_link_describedby_1276\" class=\"screen-reader-text\">\n\t\tEste producto tiene m\u00faltiples variantes. Las opciones se pueden elegir en la p\u00e1gina de producto\t<\/span>\n<\/li>\n<\/ul>\n<\/div><\/div>\n\t\t\t\t\t\t<\/div>\n\t\t\t\t<\/div>\n\t\t\t\t\t<\/div>\n\t\t<\/div>\n\t\t\t\t\t<\/div>\n\t\t<\/section>\n\t\t\t\t<\/div>\n\t\t","protected":false},"excerpt":{"rendered":"<p>Esta es una p\u00e1gina de ejemplo. Es diferente de una entrada de blog porque se quedar\u00e1 en ese lugar y se mostrar\u00e1 en la navegaci\u00f3n de tu sitio (en la mayor\u00eda de los temas). La mayor\u00eda de la gente comienza con una p\u00e1gina de acerca de que los introduce a los visitantes potenciales del sitio. [&hellip;]<\/p>\n","protected":false},"author":1,"featured_media":0,"parent":0,"menu_order":0,"comment_status":"closed","ping_status":"open","template":"","meta":{"footnotes":""},"class_list":["post-2","page","type-page","status-publish","hentry"],"_links":{"self":[{"href":"https:\/\/aquasportwear.com\/index.php\/wp-json\/wp\/v2\/pages\/2","targetHints":{"allow":["GET"]}}],"collection":[{"href":"https:\/\/aquasportwear.com\/index.php\/wp-json\/wp\/v2\/pages"}],"about":[{"href":"https:\/\/aquasportwear.com\/index.php\/wp-json\/wp\/v2\/types\/page"}],"author":[{"embeddable":true,"href":"https:\/\/aquasportwear.com\/index.php\/wp-json\/wp\/v2\/users\/1"}],"replies":[{"embeddable":true,"href":"https:\/\/aquasportwear.com\/index.php\/wp-json\/wp\/v2\/comments?post=2"}],"version-history":[{"count":3,"href":"https:\/\/aquasportwear.com\/index.php\/wp-json\/wp\/v2\/pages\/2\/revisions"}],"predecessor-version":[{"id":1885,"href":"https:\/\/aquasportwear.com\/index.php\/wp-json\/wp\/v2\/pages\/2\/revisions\/1885"}],"wp:attachment":[{"href":"https:\/\/aquasportwear.com\/index.php\/wp-json\/wp\/v2\/media?parent=2"}],"curies":[{"name":"wp","href":"https:\/\/api.w.org\/{rel}","templated":true}]}}