{"id":96,"date":"2023-06-13T09:46:51","date_gmt":"2023-06-13T14:46:51","guid":{"rendered":"https:\/\/aquasportwear.com\/?post_type=product&#038;p=96"},"modified":"2026-03-25T11:32:39","modified_gmt":"2026-03-25T16:32:39","slug":"top-rejilla-palmera-nude","status":"publish","type":"product","link":"https:\/\/aquasportwear.com\/index.php\/producto\/top-rejilla-palmera-nude\/","title":{"rendered":"Top Rejilla Palmeras Nude"},"content":{"rendered":"<p>Top Rejilla con dise\u00f1o de patr\u00f3n Palmeras Nude, como y flexible para d\u00edas de duro entrenamiento.<\/p>\n","protected":false},"excerpt":{"rendered":"<p>Top Rejilla con dise\u00f1o de patr\u00f3n Palmeras Nude<\/p>\n","protected":false},"featured_media":357,"comment_status":"open","ping_status":"closed","template":"","meta":[],"product_brand":[],"product_cat":[37],"product_tag":[45,47,52,141,87,60,90,77,42,76,88,59,51,44,112,119,120,53,46,62,48,138,139,155,83,82,78,80,69,132,152,140,75,70,43,65,58,137,85,86],"class_list":{"0":"post-96","1":"product","2":"type-product","3":"status-publish","4":"has-post-thumbnail","6":"product_cat-tops","7":"product_tag-actividad-fisica","8":"product_tag-aerobicos","9":"product_tag-aerobics","10":"product_tag-atuendo","11":"product_tag-blusa","12":"product_tag-caminar","13":"product_tag-caminata","14":"product_tag-chaqueta","15":"product_tag-ciclista","16":"product_tag-comoda","17":"product_tag-comodo","18":"product_tag-deporte","19":"product_tag-deportes","20":"product_tag-ejecicio","21":"product_tag-enterizo","22":"product_tag-falda","23":"product_tag-faldas","24":"product_tag-fisico","25":"product_tag-fitness","26":"product_tag-gimnasia","27":"product_tag-gimnasio","28":"product_tag-gorra","29":"product_tag-gorras","30":"product_tag-gymrat","31":"product_tag-gymwear","32":"product_tag-indumentaria-deportiva","33":"product_tag-jacket","34":"product_tag-leggin","35":"product_tag-legging","36":"product_tag-mujer","37":"product_tag-negro","38":"product_tag-outfit","39":"product_tag-pantaloneta","40":"product_tag-short","41":"product_tag-sport","42":"product_tag-top","43":"product_tag-trotar","44":"product_tag-vicera","45":"product_tag-walk","46":"product_tag-walking","48":"first","49":"outofstock","50":"taxable","51":"shipping-taxable","52":"purchasable","53":"product-type-variable","54":"has-default-attributes"},"_links":{"self":[{"href":"https:\/\/aquasportwear.com\/index.php\/wp-json\/wp\/v2\/product\/96","targetHints":{"allow":["GET"]}}],"collection":[{"href":"https:\/\/aquasportwear.com\/index.php\/wp-json\/wp\/v2\/product"}],"about":[{"href":"https:\/\/aquasportwear.com\/index.php\/wp-json\/wp\/v2\/types\/product"}],"replies":[{"embeddable":true,"href":"https:\/\/aquasportwear.com\/index.php\/wp-json\/wp\/v2\/comments?post=96"}],"wp:featuredmedia":[{"embeddable":true,"href":"https:\/\/aquasportwear.com\/index.php\/wp-json\/wp\/v2\/media\/357"}],"wp:attachment":[{"href":"https:\/\/aquasportwear.com\/index.php\/wp-json\/wp\/v2\/media?parent=96"}],"wp:term":[{"taxonomy":"product_brand","embeddable":true,"href":"https:\/\/aquasportwear.com\/index.php\/wp-json\/wp\/v2\/product_brand?post=96"},{"taxonomy":"product_cat","embeddable":true,"href":"https:\/\/aquasportwear.com\/index.php\/wp-json\/wp\/v2\/product_cat?post=96"},{"taxonomy":"product_tag","embeddable":true,"href":"https:\/\/aquasportwear.com\/index.php\/wp-json\/wp\/v2\/product_tag?post=96"}],"curies":[{"name":"wp","href":"https:\/\/api.w.org\/{rel}","templated":true}]}}